{"id":167,"date":"2021-04-27T07:50:09","date_gmt":"2021-04-27T07:50:09","guid":{"rendered":"https:\/\/nord-est.ms.decms.eu\/home-page\/"},"modified":"2024-10-29T14:26:31","modified_gmt":"2024-10-29T14:26:31","slug":"home-page","status":"publish","type":"page","link":"https:\/\/www.hotelparisnordest.com\/es\/","title":{"rendered":"Bienvenido al Hotel Nord Est"},"content":{"rendered":"<p>El <strong>Hotel Nord Est<\/strong> es un hotel situado en el distrito 10 de Par\u00eds, a s\u00f3lo 5 minutos a pie de la <strong>Gare du Nord<\/strong> y de la <strong>Gare de l&#8217;Est<\/strong>.<\/p>\n<p>Este hotel de 16 habitaciones cuenta con un <strong>jard\u00edn donde podr\u00e1 relajarse<\/strong> despu\u00e9s de su viaje o de su d\u00eda en Par\u00eds.<\/p>\n<p>Las habitaciones disponen de TV, ba\u00f1o privado y conexi\u00f3n Wi-Fi gratuita.<br \/>\nLa recepci\u00f3n est\u00e1 abierta las <strong>24 horas del d\u00eda<\/strong> y hay aparcamiento p\u00fablico en las inmediaciones.<\/p>\n<p>Se puede llegar al <strong>centro de Par\u00eds<\/strong> en <strong>10 minutos en metro<\/strong>. La estaci\u00f3n de tren Gare de l&#8217;Est est\u00e1 a pocos minutos a pie.<\/p>\n<p>La Gare du Nord est\u00e1 a pocos metros del hotel y ofrece conexiones de tren y Eurostar. Ofrece acceso directo al <strong>aeropuerto Charles-de-Gaulle<\/strong> y al centro de exposiciones de <strong>Villepinte.<\/strong><\/p>\n<p>&nbsp;<\/p>\n","protected":false},"excerpt":{"rendered":"<p>El Hotel Nord Est es un hotel situado en el distrito 10 de Par\u00eds, a s\u00f3lo 5 minutos a pie de la Gare du Nord y de la Gare de l&#8217;Est. Este hotel de 16 habitaciones cuenta con un jard\u00edn donde podr\u00e1 relajarse despu\u00e9s de su viaje o de su d\u00eda en Par\u00eds. Las habitaciones [&hellip;]<\/p>\n","protected":false},"author":46,"featured_media":0,"parent":0,"menu_order":1,"comment_status":"closed","ping_status":"closed","template":"","meta":{"footnotes":""},"class_list":["post-167","page","type-page","status-publish","hentry"],"yoast_head":"<!-- This site is optimized with the Yoast SEO plugin v26.9 - https:\/\/yoast.com\/product\/yoast-seo-wordpress\/ -->\n<title>Nord Est Hotel - Paris | Sitio oficial<\/title>\n<meta name=\"description\" content=\"Descubra el Hotel Nord Est, un hotel tranquilo situado en el distrito 10 de Par\u00eds, a s\u00f3lo 5 minutos a pie de la Gare du Nord y de la Gare de l&#039;Est.\" \/>\n<meta name=\"robots\" content=\"index, follow, max-snippet:-1, max-image-preview:large, max-video-preview:-1\" \/>\n<link rel=\"canonical\" href=\"https:\/\/www.hotelparisnordest.com\/es\/\" \/>\n<meta property=\"og:locale\" content=\"es_ES\" \/>\n<meta property=\"og:type\" content=\"article\" \/>\n<meta property=\"og:title\" content=\"Nord Est Hotel - Paris | Sitio oficial\" \/>\n<meta property=\"og:description\" content=\"Descubra el Hotel Nord Est, un hotel tranquilo situado en el distrito 10 de Par\u00eds, a s\u00f3lo 5 minutos a pie de la Gare du Nord y de la Gare de l&#039;Est.\" \/>\n<meta property=\"og:url\" content=\"https:\/\/www.hotelparisnordest.com\/es\/\" \/>\n<meta property=\"og:site_name\" content=\"Hotel Nord Est\" \/>\n<meta property=\"article:modified_time\" content=\"2024-10-29T14:26:31+00:00\" \/>\n<meta name=\"twitter:card\" content=\"summary_large_image\" \/>\n<meta name=\"twitter:label1\" content=\"Tiempo de lectura\" \/>\n\t<meta name=\"twitter:data1\" content=\"1 minuto\" \/>\n<script type=\"application\/ld+json\" class=\"yoast-schema-graph\">{\"@context\":\"https:\/\/schema.org\",\"@graph\":[{\"@type\":\"WebPage\",\"@id\":\"https:\/\/www.hotelparisnordest.com\/es\/\",\"url\":\"https:\/\/www.hotelparisnordest.com\/es\/\",\"name\":\"Nord Est Hotel - Paris | Sitio oficial\",\"isPartOf\":{\"@id\":\"https:\/\/www.hotelparisnordest.com\/es\/#website\"},\"datePublished\":\"2021-04-27T07:50:09+00:00\",\"dateModified\":\"2024-10-29T14:26:31+00:00\",\"description\":\"Descubra el Hotel Nord Est, un hotel tranquilo situado en el distrito 10 de Par\u00eds, a s\u00f3lo 5 minutos a pie de la Gare du Nord y de la Gare de l'Est.\",\"breadcrumb\":{\"@id\":\"https:\/\/www.hotelparisnordest.com\/es\/#breadcrumb\"},\"inLanguage\":\"es\",\"potentialAction\":[{\"@type\":\"ReadAction\",\"target\":[\"https:\/\/www.hotelparisnordest.com\/es\/\"]}]},{\"@type\":\"BreadcrumbList\",\"@id\":\"https:\/\/www.hotelparisnordest.com\/es\/#breadcrumb\",\"itemListElement\":[{\"@type\":\"ListItem\",\"position\":1,\"name\":\"Home\",\"item\":\"https:\/\/www.hotelparisnordest.com\/es\/\"},{\"@type\":\"ListItem\",\"position\":2,\"name\":\"Bienvenido al Hotel Nord Est\"}]},{\"@type\":\"WebSite\",\"@id\":\"https:\/\/www.hotelparisnordest.com\/es\/#website\",\"url\":\"https:\/\/www.hotelparisnordest.com\/es\/\",\"name\":\"Hotel Nord Est\",\"description\":\"\",\"potentialAction\":[{\"@type\":\"SearchAction\",\"target\":{\"@type\":\"EntryPoint\",\"urlTemplate\":\"https:\/\/www.hotelparisnordest.com\/es\/?s={search_term_string}\"},\"query-input\":{\"@type\":\"PropertyValueSpecification\",\"valueRequired\":true,\"valueName\":\"search_term_string\"}}],\"inLanguage\":\"es\"}]}<\/script>\n<!-- \/ Yoast SEO plugin. -->","yoast_head_json":{"title":"Nord Est Hotel - Paris | Sitio oficial","description":"Descubra el Hotel Nord Est, un hotel tranquilo situado en el distrito 10 de Par\u00eds, a s\u00f3lo 5 minutos a pie de la Gare du Nord y de la Gare de l'Est.","robots":{"index":"index","follow":"follow","max-snippet":"max-snippet:-1","max-image-preview":"max-image-preview:large","max-video-preview":"max-video-preview:-1"},"canonical":"https:\/\/www.hotelparisnordest.com\/es\/","og_locale":"es_ES","og_type":"article","og_title":"Nord Est Hotel - Paris | Sitio oficial","og_description":"Descubra el Hotel Nord Est, un hotel tranquilo situado en el distrito 10 de Par\u00eds, a s\u00f3lo 5 minutos a pie de la Gare du Nord y de la Gare de l'Est.","og_url":"https:\/\/www.hotelparisnordest.com\/es\/","og_site_name":"Hotel Nord Est","article_modified_time":"2024-10-29T14:26:31+00:00","twitter_card":"summary_large_image","twitter_misc":{"Tiempo de lectura":"1 minuto"},"schema":{"@context":"https:\/\/schema.org","@graph":[{"@type":"WebPage","@id":"https:\/\/www.hotelparisnordest.com\/es\/","url":"https:\/\/www.hotelparisnordest.com\/es\/","name":"Nord Est Hotel - Paris | Sitio oficial","isPartOf":{"@id":"https:\/\/www.hotelparisnordest.com\/es\/#website"},"datePublished":"2021-04-27T07:50:09+00:00","dateModified":"2024-10-29T14:26:31+00:00","description":"Descubra el Hotel Nord Est, un hotel tranquilo situado en el distrito 10 de Par\u00eds, a s\u00f3lo 5 minutos a pie de la Gare du Nord y de la Gare de l'Est.","breadcrumb":{"@id":"https:\/\/www.hotelparisnordest.com\/es\/#breadcrumb"},"inLanguage":"es","potentialAction":[{"@type":"ReadAction","target":["https:\/\/www.hotelparisnordest.com\/es\/"]}]},{"@type":"BreadcrumbList","@id":"https:\/\/www.hotelparisnordest.com\/es\/#breadcrumb","itemListElement":[{"@type":"ListItem","position":1,"name":"Home","item":"https:\/\/www.hotelparisnordest.com\/es\/"},{"@type":"ListItem","position":2,"name":"Bienvenido al Hotel Nord Est"}]},{"@type":"WebSite","@id":"https:\/\/www.hotelparisnordest.com\/es\/#website","url":"https:\/\/www.hotelparisnordest.com\/es\/","name":"Hotel Nord Est","description":"","potentialAction":[{"@type":"SearchAction","target":{"@type":"EntryPoint","urlTemplate":"https:\/\/www.hotelparisnordest.com\/es\/?s={search_term_string}"},"query-input":{"@type":"PropertyValueSpecification","valueRequired":true,"valueName":"search_term_string"}}],"inLanguage":"es"}]}},"acf":[],"_links":{"self":[{"href":"https:\/\/www.hotelparisnordest.com\/es\/wp-json\/wp\/v2\/pages\/167","targetHints":{"allow":["GET"]}}],"collection":[{"href":"https:\/\/www.hotelparisnordest.com\/es\/wp-json\/wp\/v2\/pages"}],"about":[{"href":"https:\/\/www.hotelparisnordest.com\/es\/wp-json\/wp\/v2\/types\/page"}],"author":[{"embeddable":true,"href":"https:\/\/www.hotelparisnordest.com\/es\/wp-json\/wp\/v2\/users\/46"}],"replies":[{"embeddable":true,"href":"https:\/\/www.hotelparisnordest.com\/es\/wp-json\/wp\/v2\/comments?post=167"}],"version-history":[{"count":0,"href":"https:\/\/www.hotelparisnordest.com\/es\/wp-json\/wp\/v2\/pages\/167\/revisions"}],"wp:attachment":[{"href":"https:\/\/www.hotelparisnordest.com\/es\/wp-json\/wp\/v2\/media?parent=167"}],"curies":[{"name":"wp","href":"https:\/\/api.w.org\/{rel}","templated":true}]}}