{"id":169,"date":"2021-04-28T14:47:23","date_gmt":"2021-04-28T14:47:23","guid":{"rendered":"https:\/\/nord-est.ms.decms.eu\/nos-chambres\/"},"modified":"2024-10-29T14:26:50","modified_gmt":"2024-10-29T14:26:50","slug":"our-rooms","status":"publish","type":"page","link":"https:\/\/www.hotelparisnordest.com\/es\/our-rooms\/","title":{"rendered":"Nuestras habitaciones"},"content":{"rendered":"<p>El Hotel Nord Est cuenta con 16 habitaciones <strong>tranquilas<\/strong> y <strong>luminosas<\/strong>. Todas nuestras habitaciones renovadas est\u00e1n situadas en el lado del patio y est\u00e1n <strong>insonorizadas<\/strong>, lo que le garantiza una <strong>estancia tranquila<\/strong>. Para su comodidad, nuestras habitaciones renovadas tienen <strong>aire acondicionado<\/strong> y <strong>cortinas opacas<\/strong>. Tambi\u00e9n cuentan con un televisor y acceso a Internet Wi-Fi gratuito. Para garantizar su <strong>seguridad<\/strong>, todas nuestras habitaciones disponen de <strong>caja fuerte<\/strong>. Todas est\u00e1n equipadas con un cuarto de ba\u00f1o con ducha o ba\u00f1era para un confort absoluto y una relajaci\u00f3n garantizada.<\/p>\n","protected":false},"excerpt":{"rendered":"<p>El Hotel Nord Est cuenta con 16 habitaciones tranquilas y luminosas. Todas nuestras habitaciones renovadas est\u00e1n situadas en el lado del patio y est\u00e1n insonorizadas, lo que le garantiza una estancia tranquila. Para su comodidad, nuestras habitaciones renovadas tienen aire acondicionado y cortinas opacas. Tambi\u00e9n cuentan con un televisor y acceso a Internet Wi-Fi gratuito. [&hellip;]<\/p>\n","protected":false},"author":5,"featured_media":0,"parent":0,"menu_order":2,"comment_status":"closed","ping_status":"closed","template":"template-rooms.php","meta":{"footnotes":""},"class_list":["post-169","page","type-page","status-publish","hentry"],"yoast_head":"<!-- This site is optimized with the Yoast SEO plugin v26.9 - https:\/\/yoast.com\/product\/yoast-seo-wordpress\/ -->\n<title>Nord Est Hotel - Paris | Nuestras habitaciones<\/title>\n<meta name=\"description\" content=\"El hotel Nord Est dispone de 16 habitaciones tranquilas y luminosas para garantizarle una estancia tranquila y confortable en el distrito 10 de Par\u00eds.\" \/>\n<meta name=\"robots\" content=\"index, follow, max-snippet:-1, max-image-preview:large, max-video-preview:-1\" \/>\n<link rel=\"canonical\" href=\"https:\/\/www.hotelparisnordest.com\/es\/our-rooms\/\" \/>\n<meta property=\"og:locale\" content=\"es_ES\" \/>\n<meta property=\"og:type\" content=\"article\" \/>\n<meta property=\"og:title\" content=\"Nord Est Hotel - Paris | Nuestras habitaciones\" \/>\n<meta property=\"og:description\" content=\"El hotel Nord Est dispone de 16 habitaciones tranquilas y luminosas para garantizarle una estancia tranquila y confortable en el distrito 10 de Par\u00eds.\" \/>\n<meta property=\"og:url\" content=\"https:\/\/www.hotelparisnordest.com\/es\/our-rooms\/\" \/>\n<meta property=\"og:site_name\" content=\"Hotel Nord Est\" \/>\n<meta property=\"article:modified_time\" content=\"2024-10-29T14:26:50+00:00\" \/>\n<meta name=\"twitter:card\" content=\"summary_large_image\" \/>\n<meta name=\"twitter:label1\" content=\"Tiempo de lectura\" \/>\n\t<meta name=\"twitter:data1\" content=\"1 minuto\" \/>\n<script type=\"application\/ld+json\" class=\"yoast-schema-graph\">{\"@context\":\"https:\/\/schema.org\",\"@graph\":[{\"@type\":\"WebPage\",\"@id\":\"https:\/\/www.hotelparisnordest.com\/es\/our-rooms\/\",\"url\":\"https:\/\/www.hotelparisnordest.com\/es\/our-rooms\/\",\"name\":\"Nord Est Hotel - Paris | Nuestras habitaciones\",\"isPartOf\":{\"@id\":\"https:\/\/www.hotelparisnordest.com\/es\/#website\"},\"datePublished\":\"2021-04-28T14:47:23+00:00\",\"dateModified\":\"2024-10-29T14:26:50+00:00\",\"description\":\"El hotel Nord Est dispone de 16 habitaciones tranquilas y luminosas para garantizarle una estancia tranquila y confortable en el distrito 10 de Par\u00eds.\",\"breadcrumb\":{\"@id\":\"https:\/\/www.hotelparisnordest.com\/es\/our-rooms\/#breadcrumb\"},\"inLanguage\":\"es\",\"potentialAction\":[{\"@type\":\"ReadAction\",\"target\":[\"https:\/\/www.hotelparisnordest.com\/es\/our-rooms\/\"]}]},{\"@type\":\"BreadcrumbList\",\"@id\":\"https:\/\/www.hotelparisnordest.com\/es\/our-rooms\/#breadcrumb\",\"itemListElement\":[{\"@type\":\"ListItem\",\"position\":1,\"name\":\"Home\",\"item\":\"https:\/\/www.hotelparisnordest.com\/es\/\"},{\"@type\":\"ListItem\",\"position\":2,\"name\":\"Nuestras habitaciones\"}]},{\"@type\":\"WebSite\",\"@id\":\"https:\/\/www.hotelparisnordest.com\/es\/#website\",\"url\":\"https:\/\/www.hotelparisnordest.com\/es\/\",\"name\":\"Hotel Nord Est\",\"description\":\"\",\"potentialAction\":[{\"@type\":\"SearchAction\",\"target\":{\"@type\":\"EntryPoint\",\"urlTemplate\":\"https:\/\/www.hotelparisnordest.com\/es\/?s={search_term_string}\"},\"query-input\":{\"@type\":\"PropertyValueSpecification\",\"valueRequired\":true,\"valueName\":\"search_term_string\"}}],\"inLanguage\":\"es\"}]}<\/script>\n<!-- \/ Yoast SEO plugin. -->","yoast_head_json":{"title":"Nord Est Hotel - Paris | Nuestras habitaciones","description":"El hotel Nord Est dispone de 16 habitaciones tranquilas y luminosas para garantizarle una estancia tranquila y confortable en el distrito 10 de Par\u00eds.","robots":{"index":"index","follow":"follow","max-snippet":"max-snippet:-1","max-image-preview":"max-image-preview:large","max-video-preview":"max-video-preview:-1"},"canonical":"https:\/\/www.hotelparisnordest.com\/es\/our-rooms\/","og_locale":"es_ES","og_type":"article","og_title":"Nord Est Hotel - Paris | Nuestras habitaciones","og_description":"El hotel Nord Est dispone de 16 habitaciones tranquilas y luminosas para garantizarle una estancia tranquila y confortable en el distrito 10 de Par\u00eds.","og_url":"https:\/\/www.hotelparisnordest.com\/es\/our-rooms\/","og_site_name":"Hotel Nord Est","article_modified_time":"2024-10-29T14:26:50+00:00","twitter_card":"summary_large_image","twitter_misc":{"Tiempo de lectura":"1 minuto"},"schema":{"@context":"https:\/\/schema.org","@graph":[{"@type":"WebPage","@id":"https:\/\/www.hotelparisnordest.com\/es\/our-rooms\/","url":"https:\/\/www.hotelparisnordest.com\/es\/our-rooms\/","name":"Nord Est Hotel - Paris | Nuestras habitaciones","isPartOf":{"@id":"https:\/\/www.hotelparisnordest.com\/es\/#website"},"datePublished":"2021-04-28T14:47:23+00:00","dateModified":"2024-10-29T14:26:50+00:00","description":"El hotel Nord Est dispone de 16 habitaciones tranquilas y luminosas para garantizarle una estancia tranquila y confortable en el distrito 10 de Par\u00eds.","breadcrumb":{"@id":"https:\/\/www.hotelparisnordest.com\/es\/our-rooms\/#breadcrumb"},"inLanguage":"es","potentialAction":[{"@type":"ReadAction","target":["https:\/\/www.hotelparisnordest.com\/es\/our-rooms\/"]}]},{"@type":"BreadcrumbList","@id":"https:\/\/www.hotelparisnordest.com\/es\/our-rooms\/#breadcrumb","itemListElement":[{"@type":"ListItem","position":1,"name":"Home","item":"https:\/\/www.hotelparisnordest.com\/es\/"},{"@type":"ListItem","position":2,"name":"Nuestras habitaciones"}]},{"@type":"WebSite","@id":"https:\/\/www.hotelparisnordest.com\/es\/#website","url":"https:\/\/www.hotelparisnordest.com\/es\/","name":"Hotel Nord Est","description":"","potentialAction":[{"@type":"SearchAction","target":{"@type":"EntryPoint","urlTemplate":"https:\/\/www.hotelparisnordest.com\/es\/?s={search_term_string}"},"query-input":{"@type":"PropertyValueSpecification","valueRequired":true,"valueName":"search_term_string"}}],"inLanguage":"es"}]}},"acf":[],"_links":{"self":[{"href":"https:\/\/www.hotelparisnordest.com\/es\/wp-json\/wp\/v2\/pages\/169","targetHints":{"allow":["GET"]}}],"collection":[{"href":"https:\/\/www.hotelparisnordest.com\/es\/wp-json\/wp\/v2\/pages"}],"about":[{"href":"https:\/\/www.hotelparisnordest.com\/es\/wp-json\/wp\/v2\/types\/page"}],"author":[{"embeddable":true,"href":"https:\/\/www.hotelparisnordest.com\/es\/wp-json\/wp\/v2\/users\/5"}],"replies":[{"embeddable":true,"href":"https:\/\/www.hotelparisnordest.com\/es\/wp-json\/wp\/v2\/comments?post=169"}],"version-history":[{"count":0,"href":"https:\/\/www.hotelparisnordest.com\/es\/wp-json\/wp\/v2\/pages\/169\/revisions"}],"wp:attachment":[{"href":"https:\/\/www.hotelparisnordest.com\/es\/wp-json\/wp\/v2\/media?parent=169"}],"curies":[{"name":"wp","href":"https:\/\/api.w.org\/{rel}","templated":true}]}}