{"id":171,"date":"2021-04-28T14:48:53","date_gmt":"2021-04-28T14:48:53","guid":{"rendered":"https:\/\/nord-est.ms.decms.eu\/our-rooms\/double-superieure\/"},"modified":"2021-06-18T15:13:32","modified_gmt":"2021-06-18T15:13:32","slug":"doble-superior","status":"publish","type":"page","link":"https:\/\/www.hotelparisnordest.com\/es\/our-rooms\/doble-superior\/","title":{"rendered":"Doble Superior"},"content":{"rendered":"<p>Nuestras habitaciones Doble Superior de 14m\u00b2 le dan la bienvenida con su gran cama doble y su ba\u00f1o con ba\u00f1era o ducha, son ideales para recargar las pilas despu\u00e9s de un d\u00eda ajetreado en Par\u00eds.<\/p>\n","protected":false},"excerpt":{"rendered":"<p>Nuestras habitaciones Doble Superior de 14m\u00b2 le dan la bienvenida con su gran cama doble y su ba\u00f1o con ba\u00f1era o ducha, son ideales para recargar las pilas despu\u00e9s de un d\u00eda ajetreado en Par\u00eds.<\/p>\n","protected":false},"author":5,"featured_media":0,"parent":169,"menu_order":1,"comment_status":"closed","ping_status":"closed","template":"template-single-room.php","meta":{"footnotes":""},"class_list":["post-171","page","type-page","status-publish","hentry"],"yoast_head":"<!-- This site is optimized with the Yoast SEO plugin v26.9 - https:\/\/yoast.com\/product\/yoast-seo-wordpress\/ -->\n<title>Hotel Nord Est Paris | Sitio Oficial | Habitaci\u00f3n Doble Superior<\/title>\n<meta name=\"description\" content=\"Nuestras amplias y luminosas habitaciones Doble Superior de 14m\u00b2 le dan la bienvenida con su gran cama de matrimonio y su ba\u00f1o con ba\u00f1era o ducha.\" \/>\n<meta name=\"robots\" content=\"index, follow, max-snippet:-1, max-image-preview:large, max-video-preview:-1\" \/>\n<link rel=\"canonical\" href=\"https:\/\/www.hotelparisnordest.com\/es\/our-rooms\/doble-superior\/\" \/>\n<meta property=\"og:locale\" content=\"es_ES\" \/>\n<meta property=\"og:type\" content=\"article\" \/>\n<meta property=\"og:title\" content=\"Hotel Nord Est Paris | Sitio Oficial | Habitaci\u00f3n Doble Superior\" \/>\n<meta property=\"og:description\" content=\"Nuestras amplias y luminosas habitaciones Doble Superior de 14m\u00b2 le dan la bienvenida con su gran cama de matrimonio y su ba\u00f1o con ba\u00f1era o ducha.\" \/>\n<meta property=\"og:url\" content=\"https:\/\/www.hotelparisnordest.com\/es\/our-rooms\/doble-superior\/\" \/>\n<meta property=\"og:site_name\" content=\"Hotel Nord Est\" \/>\n<meta property=\"article:modified_time\" content=\"2021-06-18T15:13:32+00:00\" \/>\n<meta name=\"twitter:card\" content=\"summary_large_image\" \/>\n<script type=\"application\/ld+json\" class=\"yoast-schema-graph\">{\"@context\":\"https:\/\/schema.org\",\"@graph\":[{\"@type\":\"WebPage\",\"@id\":\"https:\/\/www.hotelparisnordest.com\/es\/our-rooms\/doble-superior\/\",\"url\":\"https:\/\/www.hotelparisnordest.com\/es\/our-rooms\/doble-superior\/\",\"name\":\"Hotel Nord Est Paris | Sitio Oficial | Habitaci\u00f3n Doble Superior\",\"isPartOf\":{\"@id\":\"https:\/\/www.hotelparisnordest.com\/es\/#website\"},\"datePublished\":\"2021-04-28T14:48:53+00:00\",\"dateModified\":\"2021-06-18T15:13:32+00:00\",\"description\":\"Nuestras amplias y luminosas habitaciones Doble Superior de 14m\u00b2 le dan la bienvenida con su gran cama de matrimonio y su ba\u00f1o con ba\u00f1era o ducha.\",\"breadcrumb\":{\"@id\":\"https:\/\/www.hotelparisnordest.com\/es\/our-rooms\/doble-superior\/#breadcrumb\"},\"inLanguage\":\"es\",\"potentialAction\":[{\"@type\":\"ReadAction\",\"target\":[\"https:\/\/www.hotelparisnordest.com\/es\/our-rooms\/doble-superior\/\"]}]},{\"@type\":\"BreadcrumbList\",\"@id\":\"https:\/\/www.hotelparisnordest.com\/es\/our-rooms\/doble-superior\/#breadcrumb\",\"itemListElement\":[{\"@type\":\"ListItem\",\"position\":1,\"name\":\"Home\",\"item\":\"https:\/\/www.hotelparisnordest.com\/es\/\"},{\"@type\":\"ListItem\",\"position\":2,\"name\":\"Nuestras habitaciones\",\"item\":\"https:\/\/www.hotelparisnordest.com\/es\/our-rooms\/\"},{\"@type\":\"ListItem\",\"position\":3,\"name\":\"Doble Superior\"}]},{\"@type\":\"WebSite\",\"@id\":\"https:\/\/www.hotelparisnordest.com\/es\/#website\",\"url\":\"https:\/\/www.hotelparisnordest.com\/es\/\",\"name\":\"Hotel Nord Est\",\"description\":\"\",\"potentialAction\":[{\"@type\":\"SearchAction\",\"target\":{\"@type\":\"EntryPoint\",\"urlTemplate\":\"https:\/\/www.hotelparisnordest.com\/es\/?s={search_term_string}\"},\"query-input\":{\"@type\":\"PropertyValueSpecification\",\"valueRequired\":true,\"valueName\":\"search_term_string\"}}],\"inLanguage\":\"es\"}]}<\/script>\n<!-- \/ Yoast SEO plugin. -->","yoast_head_json":{"title":"Hotel Nord Est Paris | Sitio Oficial | Habitaci\u00f3n Doble Superior","description":"Nuestras amplias y luminosas habitaciones Doble Superior de 14m\u00b2 le dan la bienvenida con su gran cama de matrimonio y su ba\u00f1o con ba\u00f1era o ducha.","robots":{"index":"index","follow":"follow","max-snippet":"max-snippet:-1","max-image-preview":"max-image-preview:large","max-video-preview":"max-video-preview:-1"},"canonical":"https:\/\/www.hotelparisnordest.com\/es\/our-rooms\/doble-superior\/","og_locale":"es_ES","og_type":"article","og_title":"Hotel Nord Est Paris | Sitio Oficial | Habitaci\u00f3n Doble Superior","og_description":"Nuestras amplias y luminosas habitaciones Doble Superior de 14m\u00b2 le dan la bienvenida con su gran cama de matrimonio y su ba\u00f1o con ba\u00f1era o ducha.","og_url":"https:\/\/www.hotelparisnordest.com\/es\/our-rooms\/doble-superior\/","og_site_name":"Hotel Nord Est","article_modified_time":"2021-06-18T15:13:32+00:00","twitter_card":"summary_large_image","schema":{"@context":"https:\/\/schema.org","@graph":[{"@type":"WebPage","@id":"https:\/\/www.hotelparisnordest.com\/es\/our-rooms\/doble-superior\/","url":"https:\/\/www.hotelparisnordest.com\/es\/our-rooms\/doble-superior\/","name":"Hotel Nord Est Paris | Sitio Oficial | Habitaci\u00f3n Doble Superior","isPartOf":{"@id":"https:\/\/www.hotelparisnordest.com\/es\/#website"},"datePublished":"2021-04-28T14:48:53+00:00","dateModified":"2021-06-18T15:13:32+00:00","description":"Nuestras amplias y luminosas habitaciones Doble Superior de 14m\u00b2 le dan la bienvenida con su gran cama de matrimonio y su ba\u00f1o con ba\u00f1era o ducha.","breadcrumb":{"@id":"https:\/\/www.hotelparisnordest.com\/es\/our-rooms\/doble-superior\/#breadcrumb"},"inLanguage":"es","potentialAction":[{"@type":"ReadAction","target":["https:\/\/www.hotelparisnordest.com\/es\/our-rooms\/doble-superior\/"]}]},{"@type":"BreadcrumbList","@id":"https:\/\/www.hotelparisnordest.com\/es\/our-rooms\/doble-superior\/#breadcrumb","itemListElement":[{"@type":"ListItem","position":1,"name":"Home","item":"https:\/\/www.hotelparisnordest.com\/es\/"},{"@type":"ListItem","position":2,"name":"Nuestras habitaciones","item":"https:\/\/www.hotelparisnordest.com\/es\/our-rooms\/"},{"@type":"ListItem","position":3,"name":"Doble Superior"}]},{"@type":"WebSite","@id":"https:\/\/www.hotelparisnordest.com\/es\/#website","url":"https:\/\/www.hotelparisnordest.com\/es\/","name":"Hotel Nord Est","description":"","potentialAction":[{"@type":"SearchAction","target":{"@type":"EntryPoint","urlTemplate":"https:\/\/www.hotelparisnordest.com\/es\/?s={search_term_string}"},"query-input":{"@type":"PropertyValueSpecification","valueRequired":true,"valueName":"search_term_string"}}],"inLanguage":"es"}]}},"acf":[],"_links":{"self":[{"href":"https:\/\/www.hotelparisnordest.com\/es\/wp-json\/wp\/v2\/pages\/171","targetHints":{"allow":["GET"]}}],"collection":[{"href":"https:\/\/www.hotelparisnordest.com\/es\/wp-json\/wp\/v2\/pages"}],"about":[{"href":"https:\/\/www.hotelparisnordest.com\/es\/wp-json\/wp\/v2\/types\/page"}],"author":[{"embeddable":true,"href":"https:\/\/www.hotelparisnordest.com\/es\/wp-json\/wp\/v2\/users\/5"}],"replies":[{"embeddable":true,"href":"https:\/\/www.hotelparisnordest.com\/es\/wp-json\/wp\/v2\/comments?post=171"}],"version-history":[{"count":0,"href":"https:\/\/www.hotelparisnordest.com\/es\/wp-json\/wp\/v2\/pages\/171\/revisions"}],"up":[{"embeddable":true,"href":"https:\/\/www.hotelparisnordest.com\/es\/wp-json\/wp\/v2\/pages\/169"}],"wp:attachment":[{"href":"https:\/\/www.hotelparisnordest.com\/es\/wp-json\/wp\/v2\/media?parent=171"}],"curies":[{"name":"wp","href":"https:\/\/api.w.org\/{rel}","templated":true}]}}