{"id":185,"date":"2021-04-30T12:24:47","date_gmt":"2021-04-30T12:24:47","guid":{"rendered":"https:\/\/nord-est.ms.decms.eu\/nos-services\/"},"modified":"2024-10-29T14:27:12","modified_gmt":"2024-10-29T14:27:12","slug":"nuestros-servicios","status":"publish","type":"page","link":"https:\/\/www.hotelparisnordest.com\/es\/nuestros-servicios\/","title":{"rendered":"Nuestros servicios"},"content":{"rendered":"<p>&#8211; Servicio de equipaje<\/p>\n<p>&#8211; Wifi gratuito<\/p>\n<p>&#8211; Hotel estrictamente para no fumadores<\/p>\n","protected":false},"excerpt":{"rendered":"<p>&#8211; Servicio de equipaje &#8211; Wifi gratuito &#8211; Hotel estrictamente para no fumadores<\/p>\n","protected":false},"author":5,"featured_media":0,"parent":0,"menu_order":30,"comment_status":"closed","ping_status":"closed","template":"","meta":{"footnotes":""},"class_list":["post-185","page","type-page","status-publish","hentry"],"yoast_head":"<!-- This site is optimized with the Yoast SEO plugin v26.9 - https:\/\/yoast.com\/product\/yoast-seo-wordpress\/ -->\n<title>Nord Est Hotel - Paris | Nuestros servicios<\/title>\n<meta name=\"description\" content=\"Descubra los servicios de nuestro establecimiento, el hotel Nord Est Paris: instalaciones, dep\u00f3sito de equipaje, conserjer\u00eda y otros servicios a petici\u00f3n.\" \/>\n<meta name=\"robots\" content=\"index, follow, max-snippet:-1, max-image-preview:large, max-video-preview:-1\" \/>\n<link rel=\"canonical\" href=\"https:\/\/www.hotelparisnordest.com\/es\/nuestros-servicios\/\" \/>\n<meta property=\"og:locale\" content=\"es_ES\" \/>\n<meta property=\"og:type\" content=\"article\" \/>\n<meta property=\"og:title\" content=\"Nord Est Hotel - Paris | Nuestros servicios\" \/>\n<meta property=\"og:description\" content=\"Descubra los servicios de nuestro establecimiento, el hotel Nord Est Paris: instalaciones, dep\u00f3sito de equipaje, conserjer\u00eda y otros servicios a petici\u00f3n.\" \/>\n<meta property=\"og:url\" content=\"https:\/\/www.hotelparisnordest.com\/es\/nuestros-servicios\/\" \/>\n<meta property=\"og:site_name\" content=\"Hotel Nord Est\" \/>\n<meta property=\"article:modified_time\" content=\"2024-10-29T14:27:12+00:00\" \/>\n<meta name=\"twitter:card\" content=\"summary_large_image\" \/>\n<meta name=\"twitter:label1\" content=\"Tiempo de lectura\" \/>\n\t<meta name=\"twitter:data1\" content=\"1 minuto\" \/>\n<script type=\"application\/ld+json\" class=\"yoast-schema-graph\">{\"@context\":\"https:\/\/schema.org\",\"@graph\":[{\"@type\":\"WebPage\",\"@id\":\"https:\/\/www.hotelparisnordest.com\/es\/nuestros-servicios\/\",\"url\":\"https:\/\/www.hotelparisnordest.com\/es\/nuestros-servicios\/\",\"name\":\"Nord Est Hotel - Paris | Nuestros servicios\",\"isPartOf\":{\"@id\":\"https:\/\/www.hotelparisnordest.com\/es\/#website\"},\"datePublished\":\"2021-04-30T12:24:47+00:00\",\"dateModified\":\"2024-10-29T14:27:12+00:00\",\"description\":\"Descubra los servicios de nuestro establecimiento, el hotel Nord Est Paris: instalaciones, dep\u00f3sito de equipaje, conserjer\u00eda y otros servicios a petici\u00f3n.\",\"breadcrumb\":{\"@id\":\"https:\/\/www.hotelparisnordest.com\/es\/nuestros-servicios\/#breadcrumb\"},\"inLanguage\":\"es\",\"potentialAction\":[{\"@type\":\"ReadAction\",\"target\":[\"https:\/\/www.hotelparisnordest.com\/es\/nuestros-servicios\/\"]}]},{\"@type\":\"BreadcrumbList\",\"@id\":\"https:\/\/www.hotelparisnordest.com\/es\/nuestros-servicios\/#breadcrumb\",\"itemListElement\":[{\"@type\":\"ListItem\",\"position\":1,\"name\":\"Home\",\"item\":\"https:\/\/www.hotelparisnordest.com\/es\/\"},{\"@type\":\"ListItem\",\"position\":2,\"name\":\"Nuestros servicios\"}]},{\"@type\":\"WebSite\",\"@id\":\"https:\/\/www.hotelparisnordest.com\/es\/#website\",\"url\":\"https:\/\/www.hotelparisnordest.com\/es\/\",\"name\":\"Hotel Nord Est\",\"description\":\"\",\"potentialAction\":[{\"@type\":\"SearchAction\",\"target\":{\"@type\":\"EntryPoint\",\"urlTemplate\":\"https:\/\/www.hotelparisnordest.com\/es\/?s={search_term_string}\"},\"query-input\":{\"@type\":\"PropertyValueSpecification\",\"valueRequired\":true,\"valueName\":\"search_term_string\"}}],\"inLanguage\":\"es\"}]}<\/script>\n<!-- \/ Yoast SEO plugin. -->","yoast_head_json":{"title":"Nord Est Hotel - Paris | Nuestros servicios","description":"Descubra los servicios de nuestro establecimiento, el hotel Nord Est Paris: instalaciones, dep\u00f3sito de equipaje, conserjer\u00eda y otros servicios a petici\u00f3n.","robots":{"index":"index","follow":"follow","max-snippet":"max-snippet:-1","max-image-preview":"max-image-preview:large","max-video-preview":"max-video-preview:-1"},"canonical":"https:\/\/www.hotelparisnordest.com\/es\/nuestros-servicios\/","og_locale":"es_ES","og_type":"article","og_title":"Nord Est Hotel - Paris | Nuestros servicios","og_description":"Descubra los servicios de nuestro establecimiento, el hotel Nord Est Paris: instalaciones, dep\u00f3sito de equipaje, conserjer\u00eda y otros servicios a petici\u00f3n.","og_url":"https:\/\/www.hotelparisnordest.com\/es\/nuestros-servicios\/","og_site_name":"Hotel Nord Est","article_modified_time":"2024-10-29T14:27:12+00:00","twitter_card":"summary_large_image","twitter_misc":{"Tiempo de lectura":"1 minuto"},"schema":{"@context":"https:\/\/schema.org","@graph":[{"@type":"WebPage","@id":"https:\/\/www.hotelparisnordest.com\/es\/nuestros-servicios\/","url":"https:\/\/www.hotelparisnordest.com\/es\/nuestros-servicios\/","name":"Nord Est Hotel - Paris | Nuestros servicios","isPartOf":{"@id":"https:\/\/www.hotelparisnordest.com\/es\/#website"},"datePublished":"2021-04-30T12:24:47+00:00","dateModified":"2024-10-29T14:27:12+00:00","description":"Descubra los servicios de nuestro establecimiento, el hotel Nord Est Paris: instalaciones, dep\u00f3sito de equipaje, conserjer\u00eda y otros servicios a petici\u00f3n.","breadcrumb":{"@id":"https:\/\/www.hotelparisnordest.com\/es\/nuestros-servicios\/#breadcrumb"},"inLanguage":"es","potentialAction":[{"@type":"ReadAction","target":["https:\/\/www.hotelparisnordest.com\/es\/nuestros-servicios\/"]}]},{"@type":"BreadcrumbList","@id":"https:\/\/www.hotelparisnordest.com\/es\/nuestros-servicios\/#breadcrumb","itemListElement":[{"@type":"ListItem","position":1,"name":"Home","item":"https:\/\/www.hotelparisnordest.com\/es\/"},{"@type":"ListItem","position":2,"name":"Nuestros servicios"}]},{"@type":"WebSite","@id":"https:\/\/www.hotelparisnordest.com\/es\/#website","url":"https:\/\/www.hotelparisnordest.com\/es\/","name":"Hotel Nord Est","description":"","potentialAction":[{"@type":"SearchAction","target":{"@type":"EntryPoint","urlTemplate":"https:\/\/www.hotelparisnordest.com\/es\/?s={search_term_string}"},"query-input":{"@type":"PropertyValueSpecification","valueRequired":true,"valueName":"search_term_string"}}],"inLanguage":"es"}]}},"acf":[],"_links":{"self":[{"href":"https:\/\/www.hotelparisnordest.com\/es\/wp-json\/wp\/v2\/pages\/185","targetHints":{"allow":["GET"]}}],"collection":[{"href":"https:\/\/www.hotelparisnordest.com\/es\/wp-json\/wp\/v2\/pages"}],"about":[{"href":"https:\/\/www.hotelparisnordest.com\/es\/wp-json\/wp\/v2\/types\/page"}],"author":[{"embeddable":true,"href":"https:\/\/www.hotelparisnordest.com\/es\/wp-json\/wp\/v2\/users\/5"}],"replies":[{"embeddable":true,"href":"https:\/\/www.hotelparisnordest.com\/es\/wp-json\/wp\/v2\/comments?post=185"}],"version-history":[{"count":0,"href":"https:\/\/www.hotelparisnordest.com\/es\/wp-json\/wp\/v2\/pages\/185\/revisions"}],"wp:attachment":[{"href":"https:\/\/www.hotelparisnordest.com\/es\/wp-json\/wp\/v2\/media?parent=185"}],"curies":[{"name":"wp","href":"https:\/\/api.w.org\/{rel}","templated":true}]}}